{"id":693,"date":"2022-07-07T17:23:59","date_gmt":"2022-07-07T17:23:59","guid":{"rendered":"https:\/\/www.pneumoinfo.be\/fr\/?page_id=693"},"modified":"2023-10-05T15:16:44","modified_gmt":"2023-10-05T15:16:44","slug":"comment-se-proteger","status":"publish","type":"page","link":"https:\/\/www.pneumoinfo.be\/fr\/comment-se-proteger\/","title":{"rendered":"Comment se prot\u00e9ger d&#8217;une maladie \u00e0 pneumocoques\u00a0?"},"content":{"rendered":"<section class=\"mh-hero-11 mh-hero-11--7a82f928d1704d7b1fb5bd36bafb6437 mh-hero-11--ltr mh-hero-11--align-full\">\n    <div class=\"mh-hero-11__image\">\n            <figure class=\"mh-image mh-image--ea874f45f035d71d522c27b7634a1724 with-aspect-ratio with-aspect-ratio--43\">\n        <div class=\"figure-outer\">\n            <div class=\"figure-inner\">\n                                            <img decoding=\"async\"\n        class=\"\"\n        src=\"https:\/\/www.pneumoinfo.be\/fr\/wp-content\/uploads\/sites\/196\/2022\/07\/proteger.png?w=1641\"\n        width=\"1641\"\n        height=\"1094\"\n        loading=\"lazy\"\n        alt=\"65 ans prot\u00e9ger d'une maladie \u00e0 pneumocoques\"\n            \/>\n                                <\/div>\n        <\/div>\n            <\/figure>\n    <\/div>\n\n    <article class=\"mh-hero-11-content\">\n        \n<h1  class=\"mh-hero-11-content__heading mh-heading mh-heading--77e2cb74b09b8e9bf51808ca3354d030\"><strong><mark style=\"background-color:#fafafa;color:#459ebc\" class=\"has-inline-color\">Comment se prot\u00e9ger d&#8217;une maladie \u00e0 pneumocoques ?<\/mark><\/strong><\/h1>\n\n\n<p\n    class=\"mh-hero-11-content__text mh-paragraph mh-paragraph--b458c13dc8415762dede79eaee680ee5\"\n    >\n    Il existe diff\u00e9rentes mani\u00e8res de se prot\u00e9ger contre les maladies \u00e0 pneumocoques gr\u00e2ce \u00e0 certains <strong>gestes d&#8217;hygi\u00e8ne ad\u00e9quats<\/strong> ainsi qu&#8217;\u00e0 la <strong>vaccination<\/strong>.<\/p>\n\n    <\/article>\n<\/section>\n\n\n<h2  class=\"mh-heading mh-heading--center mh-heading--align-center mh-heading--09c6d3dde69338e9765233facf38eb93\"><strong><mark style=\"background-color:#ffffff;color:#459ebc\" class=\"has-inline-color\">Comment se prot\u00e9ger ?<\/mark><\/strong><\/h2>\n\n<div class=\"mh-columns mh-columns--align-center mh-columns--vertical-alignment-top mh-column--4384433a314d9ebb1b3bd28a2702d0ba mh-columns--gutter-l\">\n    <div class=\"mh-columns-inner\">\n        \n<div class=\"mh-column mh-column--023a972135f5c98ecfceb011325305b4 mh-column--12 mh-column--m-4 mh-column--l-4\">\n    \n    <figure class=\"mh-image mh-image--align-center mh-image--61562294c5c98283103810007c9f9022\" >\n                            <img decoding=\"async\"\n        class=\"\"\n        src=\"https:\/\/www.pneumoinfo.be\/fr\/wp-content\/uploads\/sites\/196\/2022\/06\/Medecin-masque-p-500-1.png?w=300\"\n        width=\"300\"\n        height=\"300\"\n        loading=\"lazy\"\n        alt=\"\u00c9vitez tout contact \u00e9troit avec les personnes malades pneumocoque\"\n            \/>\n                        <\/figure>\n\n\n\n<p\n    class=\"mh-paragraph mh-paragraph--center mh-paragraph--align-center mh-paragraph--4e7d93d0fdb230242b6cccf31d1c6b81\"\n    >\n    \u00c9vitez tout contact \u00e9troit avec les personnes malades<\/p>\n\n<\/div>\n\n\n<div class=\"mh-column mh-column--7abe28381ba301e7b55b29b26017c136 mh-column--12 mh-column--m-4 mh-column--l-4\">\n    \n    <figure class=\"mh-image mh-image--align-center mh-image--3a2edb1325267fb1069ba7913300adf4\" >\n                            <img decoding=\"async\"\n        class=\"\"\n        src=\"https:\/\/www.pneumoinfo.be\/fr\/wp-content\/uploads\/sites\/196\/2022\/06\/Lavage-de-main-p-500-1.png?w=300\"\n        width=\"300\"\n        height=\"300\"\n        loading=\"lazy\"\n        alt=\"hygi\u00e8nes pneumocoque\"\n            \/>\n                        <\/figure>\n\n\n\n<p\n    class=\"mh-paragraph mh-paragraph--center mh-paragraph--align-center mh-paragraph--931be03aba722cf9bce99faa9c9a2472\"\n    >\n    Lavez-vous les mains et adoptez les gestes d&#8217;hygi\u00e8nes ad\u00e9quats lorsque vous toussez, \u00e9ternuez ou vous mouchez<\/p>\n\n<\/div>\n\n\n<div class=\"mh-column mh-column--d9b21aa4f475444194e98bf3dd74ff74 mh-column--12 mh-column--m-4 mh-column--l-4\">\n    \n    <figure class=\"mh-image mh-image--align-center mh-image--9be42c1debe86f6f8fb24567ee61c036\" >\n                            <img decoding=\"async\"\n        class=\"\"\n        src=\"https:\/\/www.pneumoinfo.be\/fr\/wp-content\/uploads\/sites\/196\/2022\/06\/Medecin-piqure-p-500-1.png?w=300\"\n        width=\"300\"\n        height=\"300\"\n        loading=\"lazy\"\n        alt=\"vacciner pneumocoque\"\n            \/>\n                        <\/figure>\n\n\n\n<p\n    class=\"mh-paragraph mh-paragraph--center mh-paragraph--align-center mh-paragraph--c2159253cb7315e49b61fbb70a998c5e\"\n    >\n    Faites-vous vacciner<\/p>\n\n<\/div>\n\n    <\/div>\n<\/div>\n\n\n<h2  class=\"mh-heading mh-heading--center mh-heading--align-center mh-heading--c48b0c6770270405b4201cacdbb67c83\"><strong><mark style=\"background-color:#ffffff;color:#459ebc\" class=\"has-inline-color\">Comment fonctionne la vaccination ?\u2077<\/mark><\/strong><\/h2>\n\n<div class=\"mh-box mh-box--align-full mh-box--097d16c5e723a8113e9f892b906d2203 mh-box--no-background-image\">\n    \n<div class=\"mh-columns mh-columns--align-medium mh-columns--vertical-alignment-center mh-column--5ca44da91a937ee671e7c140d16c1577 mh-columns--gutter-m\">\n    <div class=\"mh-columns-inner\">\n        \n<div class=\"mh-column mh-column--26af15b242c4b48cf106d488ba274928 mh-column--12 mh-column--m-6 mh-column--l-6\">\n    \n    <figure class=\"mh-image mh-image--align-center mh-image--81b19a3053db959c9bf3432720eb5529\" >\n                            <img decoding=\"async\"\n        class=\"\"\n        src=\"https:\/\/www.pneumoinfo.be\/fr\/wp-content\/uploads\/sites\/196\/2022\/06\/Piqure-virus-p-500-1.png?w=300\"\n        width=\"300\"\n        height=\"271\"\n        loading=\"lazy\"\n        alt=\"pneumocoque vaccin inject\u00e9e \"\n            \/>\n                        <\/figure>\n\n<\/div>\n\n\n<div class=\"mh-column mh-column--5f4b765cc8bd42191d98aa9fe858611d mh-column--12 mh-column--m-6 mh-column--l-6\">\n    \n\n<p\n    class=\"mh-paragraph mh-paragraph--align-left mh-paragraph--8a8fffbb5ccecb7c997228c5cd2ab882\"\n    >\n    <strong>Une faible quantit\u00e9 de particules de bact\u00e9rie ou de virus mort ou inactiv\u00e9 est inject\u00e9e dans votre corps.<\/strong><\/p>\n\n<\/div>\n\n    <\/div>\n<\/div>\n\n<\/div>\n\n\n<div class=\"mh-box mh-box--align-full mh-box--c2f1c84373accb67af5899d010886afd mh-box--no-background-image\">\n    \n<div class=\"mh-columns mh-columns--align-medium mh-columns--vertical-alignment-center mh-column--e39ef1184461b8b5341732b601530db3 mh-columns--gutter-m\">\n    <div class=\"mh-columns-inner\">\n        \n<div class=\"mh-column mh-column--a2e28de72515fb92f17aeb89af8505e9 mh-column--12 mh-column--m-6 mh-column--l-6\">\n    \n\n<p\n    class=\"mh-paragraph mh-paragraph--c64e994176add922d22d6f838dc8dcad\"\n    >\n    <strong>Votre corps produit alors des anticorps pour lutter contre les particules de bact\u00e9rie ou de virus.<\/strong><\/p>\n\n<\/div>\n\n\n<div class=\"mh-column mh-column--9a5d2fcdad6ca2dc260210328de461a6 mh-column--12 mh-column--m-6 mh-column--l-6\">\n    \n    <figure class=\"mh-image mh-image--align-center mh-image--0b26c7996fb4a7c05839169dbc7adf8b\" >\n                            <img decoding=\"async\"\n        class=\"\"\n        src=\"https:\/\/www.pneumoinfo.be\/fr\/wp-content\/uploads\/sites\/196\/2022\/06\/vaccination-etape-2-p-500-1.png?w=300\"\n        width=\"300\"\n        height=\"300\"\n        loading=\"lazy\"\n        alt=\"anticorps pneumocoque\"\n            \/>\n                        <\/figure>\n\n<\/div>\n\n    <\/div>\n<\/div>\n\n<\/div>\n\n\n<div class=\"mh-box mh-box--align-full mh-box--b4bf2ab606cbbc0ab79fe93ba0818b0c mh-box--no-background-image\">\n    \n<div class=\"mh-columns mh-columns--align-medium mh-columns--vertical-alignment-center mh-column--ce277c14e10ca3f0a26e291b8bdcc099 mh-columns--gutter-m\">\n    <div class=\"mh-columns-inner\">\n        \n<div class=\"mh-column mh-column--32357764cb277eae3f6cd5afc55ca312 mh-column--12 mh-column--m-6 mh-column--l-6\">\n    \n    <figure class=\"mh-image mh-image--align-center mh-image--a14e17b145315abe6fe2752278abb467\" >\n                            <img decoding=\"async\"\n        class=\"\"\n        src=\"https:\/\/www.pneumoinfo.be\/fr\/wp-content\/uploads\/sites\/196\/2022\/06\/Main-bouclier-p-500-1.png?w=300\"\n        width=\"300\"\n        height=\"300\"\n        loading=\"lazy\"\n        alt=\"vaccin pneumocoque prot\u00e8geront\"\n            \/>\n                        <\/figure>\n\n<\/div>\n\n\n<div class=\"mh-column mh-column--32c210c24ec045587ae2ceb2be03b5e7 mh-column--12 mh-column--m-6 mh-column--l-6\">\n    \n\n<p\n    class=\"mh-paragraph mh-paragraph--4573a49b47fc74daaffb34471898b7ce\"\n    >\n    <strong>Par la suite, si vous \u00eates confront\u00e9(e) aux v\u00e9ritables germes pathog\u00e8nes, les anticorps vous prot\u00e8geront.<\/strong><\/p>\n\n<\/div>\n\n    <\/div>\n<\/div>\n\n<\/div>\n\n\n<div class=\"mh-box mh-box--align-full mh-box--f565d2cb2338132fde6f12426e6957c4 mh-box--no-background-image\">\n    \n<div class=\"mh-columns mh-columns--vertical-alignment-center mh-column--8cf9dbefb3a277adfdbb4428eb8920b9 mh-columns--gutter-m\">\n    <div class=\"mh-columns-inner\">\n        \n<div class=\"mh-column mh-column--f94fc137b84b329e69449de2c3bb3d42 mh-column--12 mh-column--m-6 mh-column--l-6\">\n    \n\n<section class=\"mh-content-5 mh--content-5--360d4e145cb7f30f024f751f4c4e8d3b mh-content-5--align-full\">\n    <article class=\"mh-content-5-content\">\n        \n<h2  class=\"mh-content-5-content__title mh-heading mh-heading--left mh-heading--033a13c697b988ab915f17a489e04308\"><strong>Brochure explicative<\/strong><\/h2>\n\n\n<p\n    class=\"mh-content-5-content__text mh-paragraph mh-paragraph--left mh-paragraph--align-center mh-paragraph--c761cf72400d8f237a14ca3c6704fe61\"\n    >\n    Pour mieux conna\u00eetre les maladies \u00e0 pneumocoques, leurs risques, leurs cons\u00e9quences mais \u00e9galement comment se prot\u00e9ger.<\/p>\n\n\n<div  class=\"mh-links mh-links--justified-start\">\n\n<a\n  class=\"mh-button mh-button--left mh-button--f564ba2aa72508f512c0fdff51f7243e mh-button--custom\"\n  href=\"https:\/\/www.pneumoinfo.be\/fr\/wp-content\/uploads\/sites\/196\/2023\/05\/Patient_Brochure_pneumoinfo_FR.pdf\"\n  target=\"_self\"\n  rel=\"\"\n      >\n\n      <span class=\"mh-anchor-label\">\n      <span class=\"\">T\u00e9l\u00e9charger la brochure<\/span>    <\/span>\n      <\/a>\n\n\n<\/div>\n    <\/article>\n<\/section>\n\n<\/div>\n\n\n<div class=\"mh-column mh-column--0d78135298ab1e9e70795f5034108a4d mh-column--12 mh-column--m-6 mh-column--l-6\">\n    \n    <figure class=\"mh-image mh-image--8167b1fe4891b01b93da37f2debbb98d\" >\n                        <a\n        class=\"mh-anchor-for-image\"\n        href=\"https:\/\/www.pneumoinfo.be\/fr\/wp-content\/uploads\/sites\/196\/2023\/05\/Patient_Brochure_pneumoinfo_FR.pdf\"\n        rel=\"\"\n        target=\"\"\n    >\n            <img decoding=\"async\"\n        class=\"\"\n        src=\"https:\/\/www.pneumoinfo.be\/fr\/wp-content\/uploads\/sites\/196\/2022\/06\/brochure-pneumo.png?w=1200\"\n        width=\"1200\"\n        height=\"851\"\n        loading=\"lazy\"\n        alt=\"pneumo brochure pneumocoque\"\n            \/>\n        <\/a>\n                    <\/figure>\n\n<\/div>\n\n    <\/div>\n<\/div>\n\n<\/div>\n\n\n<div class=\"mh-box mh-box--f1dd84844957097b8bd21b73c69e3365 mh-box--no-background-image\">\n    \n\n<p\n    class=\"mh-paragraph mh-paragraph--a9797cba28f1abc378a2420ad6edb65d\"\n    >\n    <strong>R\u00e9f\u00e9rences<\/strong>:<\/p>\n\n\n\n<ol class=\"wp-block-list has-13-font-size wp-block-list\"><li>https:\/\/www.gezondheidenwetenschap.be\/richtlijnen\/preventie-van-ernstige-pneumokokkeninfecties . Last access: 10\/2022.<\/li><li>https:\/\/www.cdc.gov\/pneumococcal\/index.html .Last access: 10\/2022.<\/li><li>Centre F\u00e9d\u00e9ral d&#8217;expertise des soins de sant\u00e9. Quelle vaccination contre le pneumocoque chez les personnes \u00e2g\u00e9es? KCE; 2016. Rapport 274Bs. Last access: 10\/2022.<\/li><li>Conseil Sup\u00e9rieur de la Sant\u00e9. Vaccination anti pneumococcique (adultes). Bruxelles: CSS; 2022. Avis n\u00b0 9674. Last access: 10\/2022.<\/li><li>Verhaegen J. Surveillance van de pneumokokkeninfecties in Belgi\u00eb.Verslag voor 2016. Nationaal Referentiecentrum voor invasievepneumokokkeninfecties, UZ Leuven.<\/li><li>Torres A. et al. Which individuals are at increased risk of pneumococcal disease and why? Impact of COPD, asthma, smoking, diabetes, and\/or chronic heart disease on community-acquired pneumonia and invasive pneumococcal disease. BMJ 2015;0:1-6.<\/li><li>https:\/\/www.laatjevaccineren.be. Last access: 10\/2022.<\/li><\/ol>\n\n\n\n<p class=\"has-13-font-size\">* Par rapport \u00e0 des adultes ne pr\u00e9sentant pas ces affections chroniques<\/p>\n\n<\/div>\n","protected":false},"excerpt":{"rendered":"","protected":false},"author":385,"featured_media":0,"parent":0,"menu_order":0,"comment_status":"closed","ping_status":"closed","template":"blank-canvas-template.php","meta":{"_mh_page_language":"fr_BE","_mh_page_is_rtl":false,"editor_notices":[],"footnotes":""},"class_list":["post-693","page","type-page","status-publish","hentry"],"yoast_head":"<!-- This site is optimized with the Yoast SEO plugin v23.9 - https:\/\/yoast.com\/wordpress\/plugins\/seo\/ -->\n<title>Maladies \u00e0 pneumocoques - Comment se prot\u00e9ger? | Pneumoinfo.be<\/title>\n<meta name=\"description\" content=\"Il existe diff\u00e9rentes mani\u00e8res de se prot\u00e9ger contre les maladies \u00e0 pneumocoques gr\u00e2ce \u00e0 certains gestes d&#039;hygi\u00e8ne ad\u00e9quats ainsi qu&#039;\u00e0 la vaccination. En savoir plus &gt;\" \/>\n<meta name=\"robots\" content=\"index, follow, max-snippet:-1, max-image-preview:large, max-video-preview:-1\" \/>\n<link rel=\"canonical\" href=\"https:\/\/www.pneumoinfo.be\/fr\/comment-se-proteger\/\" \/>\n<meta property=\"og:locale\" content=\"en_US\" \/>\n<meta property=\"og:type\" content=\"article\" \/>\n<meta property=\"og:title\" content=\"Maladies \u00e0 pneumocoques - Comment se prot\u00e9ger? | Pneumoinfo.be\" \/>\n<meta property=\"og:description\" content=\"Il existe diff\u00e9rentes mani\u00e8res de se prot\u00e9ger contre les maladies \u00e0 pneumocoques gr\u00e2ce \u00e0 certains gestes d&#039;hygi\u00e8ne ad\u00e9quats ainsi qu&#039;\u00e0 la vaccination. En savoir plus &gt;\" \/>\n<meta property=\"og:url\" content=\"https:\/\/www.pneumoinfo.be\/fr\/comment-se-proteger\/\" \/>\n<meta property=\"og:site_name\" content=\"Pneumo Info BE FR\" \/>\n<meta property=\"article:modified_time\" content=\"2023-10-05T15:16:44+00:00\" \/>\n<meta property=\"og:image\" content=\"https:\/\/www.pneumoinfo.be\/fr\/wp-content\/uploads\/sites\/196\/2022\/06\/maladies-pneumocoques.png\" \/>\n\t<meta property=\"og:image:width\" content=\"1296\" \/>\n\t<meta property=\"og:image:height\" content=\"864\" \/>\n\t<meta property=\"og:image:type\" content=\"image\/png\" \/>\n<meta name=\"twitter:card\" content=\"summary_large_image\" \/>\n<script type=\"application\/ld+json\" class=\"yoast-schema-graph\">{\"@context\":\"https:\/\/schema.org\",\"@graph\":[{\"@type\":\"WebPage\",\"@id\":\"https:\/\/www.pneumoinfo.be\/fr\/comment-se-proteger\/\",\"url\":\"https:\/\/www.pneumoinfo.be\/fr\/comment-se-proteger\/\",\"name\":\"Maladies \u00e0 pneumocoques - Comment se prot\u00e9ger? | Pneumoinfo.be\",\"isPartOf\":{\"@id\":\"https:\/\/www.pneumoinfo.be\/fr\/#website\"},\"datePublished\":\"2022-07-07T17:23:59+00:00\",\"dateModified\":\"2023-10-05T15:16:44+00:00\",\"description\":\"Il existe diff\u00e9rentes mani\u00e8res de se prot\u00e9ger contre les maladies \u00e0 pneumocoques gr\u00e2ce \u00e0 certains gestes d'hygi\u00e8ne ad\u00e9quats ainsi qu'\u00e0 la vaccination. En savoir plus >\",\"breadcrumb\":{\"@id\":\"https:\/\/www.pneumoinfo.be\/fr\/comment-se-proteger\/#breadcrumb\"},\"inLanguage\":\"en-US\",\"potentialAction\":[{\"@type\":\"ReadAction\",\"target\":[\"https:\/\/www.pneumoinfo.be\/fr\/comment-se-proteger\/\"]}]},{\"@type\":\"BreadcrumbList\",\"@id\":\"https:\/\/www.pneumoinfo.be\/fr\/comment-se-proteger\/#breadcrumb\",\"itemListElement\":[{\"@type\":\"ListItem\",\"position\":1,\"name\":\"Accueil\",\"item\":\"https:\/\/www.pneumoinfo.be\/fr\/\"},{\"@type\":\"ListItem\",\"position\":2,\"name\":\"Comment se prot\u00e9ger d&#8217;une maladie \u00e0 pneumocoques\u00a0?\"}]},{\"@type\":\"WebSite\",\"@id\":\"https:\/\/www.pneumoinfo.be\/fr\/#website\",\"url\":\"https:\/\/www.pneumoinfo.be\/fr\/\",\"name\":\"Pneumo Info BE FR\",\"description\":\"Maladies \u00e0 pneumocoques\",\"publisher\":{\"@id\":\"https:\/\/www.pneumoinfo.be\/fr\/#organization\"},\"potentialAction\":[{\"@type\":\"SearchAction\",\"target\":{\"@type\":\"EntryPoint\",\"urlTemplate\":\"https:\/\/www.pneumoinfo.be\/fr\/?s={search_term_string}\"},\"query-input\":{\"@type\":\"PropertyValueSpecification\",\"valueRequired\":true,\"valueName\":\"search_term_string\"}}],\"inLanguage\":\"en-US\"},{\"@type\":\"Organization\",\"@id\":\"https:\/\/www.pneumoinfo.be\/fr\/#organization\",\"name\":\"MSD\",\"url\":\"https:\/\/www.pneumoinfo.be\/fr\/\",\"logo\":{\"@type\":\"ImageObject\",\"inLanguage\":\"en-US\",\"@id\":\"https:\/\/www.pneumoinfo.be\/fr\/#\/schema\/logo\/image\/\",\"url\":\"https:\/\/www.pneumoinfo.be\/fr\/wp-content\/uploads\/sites\/196\/2022\/07\/MSD_Sharp__Dohme_GmbH_logo-2.png\",\"contentUrl\":\"https:\/\/www.pneumoinfo.be\/fr\/wp-content\/uploads\/sites\/196\/2022\/07\/MSD_Sharp__Dohme_GmbH_logo-2.png\",\"width\":139,\"height\":55,\"caption\":\"MSD\"},\"image\":{\"@id\":\"https:\/\/www.pneumoinfo.be\/fr\/#\/schema\/logo\/image\/\"}}]}<\/script>\n<!-- \/ Yoast SEO plugin. -->","yoast_head_json":{"title":"Maladies \u00e0 pneumocoques - Comment se prot\u00e9ger? | Pneumoinfo.be","description":"Il existe diff\u00e9rentes mani\u00e8res de se prot\u00e9ger contre les maladies \u00e0 pneumocoques gr\u00e2ce \u00e0 certains gestes d'hygi\u00e8ne ad\u00e9quats ainsi qu'\u00e0 la vaccination. En savoir plus >","robots":{"index":"index","follow":"follow","max-snippet":"max-snippet:-1","max-image-preview":"max-image-preview:large","max-video-preview":"max-video-preview:-1"},"canonical":"https:\/\/www.pneumoinfo.be\/fr\/comment-se-proteger\/","og_locale":"en_US","og_type":"article","og_title":"Maladies \u00e0 pneumocoques - Comment se prot\u00e9ger? | Pneumoinfo.be","og_description":"Il existe diff\u00e9rentes mani\u00e8res de se prot\u00e9ger contre les maladies \u00e0 pneumocoques gr\u00e2ce \u00e0 certains gestes d'hygi\u00e8ne ad\u00e9quats ainsi qu'\u00e0 la vaccination. En savoir plus >","og_url":"https:\/\/www.pneumoinfo.be\/fr\/comment-se-proteger\/","og_site_name":"Pneumo Info BE FR","article_modified_time":"2023-10-05T15:16:44+00:00","og_image":[{"width":1296,"height":864,"url":"https:\/\/www.pneumoinfo.be\/fr\/wp-content\/uploads\/sites\/196\/2022\/06\/maladies-pneumocoques.png","type":"image\/png"}],"twitter_card":"summary_large_image","schema":{"@context":"https:\/\/schema.org","@graph":[{"@type":"WebPage","@id":"https:\/\/www.pneumoinfo.be\/fr\/comment-se-proteger\/","url":"https:\/\/www.pneumoinfo.be\/fr\/comment-se-proteger\/","name":"Maladies \u00e0 pneumocoques - Comment se prot\u00e9ger? | Pneumoinfo.be","isPartOf":{"@id":"https:\/\/www.pneumoinfo.be\/fr\/#website"},"datePublished":"2022-07-07T17:23:59+00:00","dateModified":"2023-10-05T15:16:44+00:00","description":"Il existe diff\u00e9rentes mani\u00e8res de se prot\u00e9ger contre les maladies \u00e0 pneumocoques gr\u00e2ce \u00e0 certains gestes d'hygi\u00e8ne ad\u00e9quats ainsi qu'\u00e0 la vaccination. En savoir plus >","breadcrumb":{"@id":"https:\/\/www.pneumoinfo.be\/fr\/comment-se-proteger\/#breadcrumb"},"inLanguage":"en-US","potentialAction":[{"@type":"ReadAction","target":["https:\/\/www.pneumoinfo.be\/fr\/comment-se-proteger\/"]}]},{"@type":"BreadcrumbList","@id":"https:\/\/www.pneumoinfo.be\/fr\/comment-se-proteger\/#breadcrumb","itemListElement":[{"@type":"ListItem","position":1,"name":"Accueil","item":"https:\/\/www.pneumoinfo.be\/fr\/"},{"@type":"ListItem","position":2,"name":"Comment se prot\u00e9ger d&#8217;une maladie \u00e0 pneumocoques\u00a0?"}]},{"@type":"WebSite","@id":"https:\/\/www.pneumoinfo.be\/fr\/#website","url":"https:\/\/www.pneumoinfo.be\/fr\/","name":"Pneumo Info BE FR","description":"Maladies \u00e0 pneumocoques","publisher":{"@id":"https:\/\/www.pneumoinfo.be\/fr\/#organization"},"potentialAction":[{"@type":"SearchAction","target":{"@type":"EntryPoint","urlTemplate":"https:\/\/www.pneumoinfo.be\/fr\/?s={search_term_string}"},"query-input":{"@type":"PropertyValueSpecification","valueRequired":true,"valueName":"search_term_string"}}],"inLanguage":"en-US"},{"@type":"Organization","@id":"https:\/\/www.pneumoinfo.be\/fr\/#organization","name":"MSD","url":"https:\/\/www.pneumoinfo.be\/fr\/","logo":{"@type":"ImageObject","inLanguage":"en-US","@id":"https:\/\/www.pneumoinfo.be\/fr\/#\/schema\/logo\/image\/","url":"https:\/\/www.pneumoinfo.be\/fr\/wp-content\/uploads\/sites\/196\/2022\/07\/MSD_Sharp__Dohme_GmbH_logo-2.png","contentUrl":"https:\/\/www.pneumoinfo.be\/fr\/wp-content\/uploads\/sites\/196\/2022\/07\/MSD_Sharp__Dohme_GmbH_logo-2.png","width":139,"height":55,"caption":"MSD"},"image":{"@id":"https:\/\/www.pneumoinfo.be\/fr\/#\/schema\/logo\/image\/"}}]}},"_links":{"self":[{"href":"https:\/\/www.pneumoinfo.be\/fr\/wp-json\/wp\/v2\/pages\/693","targetHints":{"allow":["GET"]}}],"collection":[{"href":"https:\/\/www.pneumoinfo.be\/fr\/wp-json\/wp\/v2\/pages"}],"about":[{"href":"https:\/\/www.pneumoinfo.be\/fr\/wp-json\/wp\/v2\/types\/page"}],"author":[{"embeddable":true,"href":"https:\/\/www.pneumoinfo.be\/fr\/wp-json\/wp\/v2\/users\/385"}],"replies":[{"embeddable":true,"href":"https:\/\/www.pneumoinfo.be\/fr\/wp-json\/wp\/v2\/comments?post=693"}],"version-history":[{"count":60,"href":"https:\/\/www.pneumoinfo.be\/fr\/wp-json\/wp\/v2\/pages\/693\/revisions"}],"predecessor-version":[{"id":1039,"href":"https:\/\/www.pneumoinfo.be\/fr\/wp-json\/wp\/v2\/pages\/693\/revisions\/1039"}],"wp:attachment":[{"href":"https:\/\/www.pneumoinfo.be\/fr\/wp-json\/wp\/v2\/media?parent=693"}],"curies":[{"name":"wp","href":"https:\/\/api.w.org\/{rel}","templated":true}]}}