{"id":556,"date":"2022-07-06T16:35:00","date_gmt":"2022-07-06T16:35:00","guid":{"rendered":"https:\/\/www.pneumoinfo.be\/fr\/?page_id=556"},"modified":"2023-01-18T15:20:36","modified_gmt":"2023-01-18T15:20:36","slug":"les-consequences","status":"publish","type":"page","link":"https:\/\/www.pneumoinfo.be\/fr\/les-consequences\/","title":{"rendered":"Les cons\u00e9quences d&#8217;une maladie \u00e0 pneumocoques"},"content":{"rendered":"<section class=\"mh-hero-11 mh-hero-11--01388be63e1088bbff8cbb66bb8817b4 mh-hero-11--rtl mh-hero-11--align-full\">\n    <div class=\"mh-hero-11__image\">\n            <figure class=\"mh-image mh-image--3be14eb543a384e651519c226d48be9d with-aspect-ratio with-aspect-ratio--43\">\n        <div class=\"figure-outer\">\n            <div class=\"figure-inner\">\n                                            <img decoding=\"async\"\n        class=\"\"\n        src=\"https:\/\/www.pneumoinfo.be\/fr\/wp-content\/uploads\/sites\/196\/2022\/06\/consequences-header.png?w=1641\"\n        width=\"1641\"\n        height=\"1094\"\n        loading=\"lazy\"\n        alt=\"Les cons\u00e9quences d'une maladie \u00e0 pneumocoques hospital\"\n            \/>\n                                <\/div>\n        <\/div>\n            <\/figure>\n    <\/div>\n\n    <article class=\"mh-hero-11-content\">\n        \n<h1  class=\"mh-hero-11-content__heading mh-heading mh-heading--b60f9097e7368127da195d5fb5219422\"><strong><mark style=\"background-color:#fafafa;color:#459ebc\" class=\"has-inline-color\">Les cons\u00e9quences d&#8217;une maladie \u00e0 pneumocoques<\/mark><\/strong><\/h1>\n\n\n<p\n    class=\"mh-hero-11-content__text mh-paragraph mh-paragraph--5e0edb9763586e67f32916f20cdb2901\"\n    >\n    Une maladie a\u0300 pneumocoques peut e\u0302tre a\u0300 l\u2019origine de graves complications, mais e\u0301galement entrai\u0302ner une <strong>hospitalisation ou me\u0302me un de\u0301ce\u0300s.<\/strong>\u00b3<\/p>\n\n    <\/article>\n<\/section>\n\n\n<h2  class=\"mh-heading mh-heading--center mh-heading--align-center mh-heading--20bbe0a2c28247fc8c0d51e45f63ea33\"><strong><mark style=\"background-color:#ffffff;color:#459ebc\" class=\"has-inline-color\">La bact\u00e9rie pneumocoque peut provoquer de graves maladies :<\/mark><\/strong><\/h2>\n\n<div class=\"mh-box mh-box--align-full mh-box--79866ba9d2630e19a37b7cffab7e04f9 mh-box--no-background-image\">\n    \n<div class=\"mh-columns mh-columns--align-center mh-columns--vertical-alignment-center mh-column--413ce460810617f46e594c66bb17c47f mh-columns--gutter-m\">\n    <div class=\"mh-columns-inner\">\n        \n<div class=\"mh-column mh-column--fb027565744be158e8c2a89e0847a9e1 mh-column--12 mh-column--m-6 mh-column--l-6\">\n    \n    <figure class=\"mh-image mh-image--align-center mh-image--055022e964b378cc1bbde4d924516dce\" >\n                            <img decoding=\"async\"\n        class=\"\"\n        src=\"https:\/\/www.pneumoinfo.be\/fr\/wp-content\/uploads\/sites\/196\/2022\/07\/lung.png?w=241\"\n        width=\"241\"\n        height=\"241\"\n        loading=\"lazy\"\n        alt=\"La pneumonie \u00e0 pneumocoques\"\n            \/>\n                        <\/figure>\n\n<\/div>\n\n\n<div class=\"mh-column mh-column--de6d83027ced3ace6e1a28bd1551eb8d mh-column--12 mh-column--m-6 mh-column--l-6\">\n    \n<h3  class=\"mh-heading mh-heading--30a1c4849a8925597428440145f37b94\"><strong>La pneumonie \u00e0 pneumocoques<\/strong><\/h3>\n\n\n<p\n    class=\"mh-paragraph mh-paragraph--0ede9e09265da7816ab448ca6b3af29b\"\n    >\n    Une pneumonie \u00e0 pneumocoques est une infection des poumons. Certaines personnes courent davantage de risques que d&#8217;autres, mais tout le monde peut attraper une pneumonie caus\u00e9e par des pneumocoques.\u00b2<\/p>\n\n\n\n<p\n    class=\"mh-paragraph mh-paragraph--ea88b090ec28b3f4c85b34854774010b\"\n    >\n    <strong>Une pneumonie \u00e0 pneumocoques peut \u00eatre grave car \u00b2 :<\/strong><\/p>\n\n\n\n<ul class=\"wp-block-list has-text-color wp-block-list\" style=\"color:#0275a0;font-size:18px;line-height:1.4\"><li><strong>Elle peut appara\u00eetre soudainement.<\/strong><\/li><li><strong>Dans certains cas, elle peut entra\u00eener des probl\u00e8mes respiratoires.<\/strong><\/li><li><strong>La bact\u00e9rie pneumocoque peut infecter d&#8217;autres parties du corps, m\u00eame le syst\u00e8me circulatoire.<\/strong><\/li><\/ul>\n\n\n\n<p class=\"has-text-color\" style=\"color:#0275a0;font-size:18px;line-height:1.4\"><strong>Une pneumonie \u00e0 pneumocoques peut \u00eatre \u00e0 l&#8217;origine d&#8217;une hospitalisation et m\u00eame d&#8217;un d\u00e9c\u00e8s\u00b3<\/strong><\/p>\n\n<\/div>\n\n    <\/div>\n<\/div>\n\n<\/div>\n\n\n<div class=\"mh-box mh-box--align-full mh-box--53cc1a436a69c4c01cea8fdfbae0981b mh-box--no-background-image\">\n    \n<div class=\"mh-columns mh-columns--align-center mh-columns--vertical-alignment-center mh-column--b9edc922ae312b2035b5b1a5c4363eee mh-columns--gutter-m\">\n    <div class=\"mh-columns-inner\">\n        \n<div class=\"mh-column mh-column--17ef4e1c3e60bb731b6336cd99a0758e mh-column--12 mh-column--m-6 mh-column--l-6\">\n    \n<h3  class=\"mh-heading mh-heading--b9a6a613d3d2410407e75688e8081bbf\"><strong>La bact\u00e9ri\u00e9mie \u00e0 pneumocoques<\/strong><\/h3>\n\n\n<p\n    class=\"mh-paragraph mh-paragraph--408babcf05b058dc4e0142bbeb14705b\"\n    >\n    Une bact\u00e9ri\u00e9mie est une infection du sang. Elle peut engendrer un ralentissement de la circulation sanguine et causer des dommages \u00e0 certains organes tels que le coeur et les reins.\u00b2<\/p>\n\n\n\n<p\n    class=\"mh-paragraph mh-paragraph--2b9a19dffeb3de0d4d3d7833e1405c12\"\n    >\n    <strong>Le taux de mortalit\u00e9 moyen pour les bact\u00e9ri\u00e9mies \u00e0 pneumocoques s&#8217;\u00e9l\u00e8ve \u00e0 12% chez les personnes de plus de 65 ans et atteint le double chez les plus de 85 ans.\u2074<\/strong><\/p>\n\n<\/div>\n\n\n<div class=\"mh-column mh-column--71b4a8c21ba58bd4ca3b62c064ffc2ec mh-column--12 mh-column--m-6 mh-column--l-6\">\n    \n    <figure class=\"mh-image mh-image--align-center mh-image--eac32303c0d8e876f2644915f95dd399\" >\n                            <img decoding=\"async\"\n        class=\"\"\n        src=\"https:\/\/www.pneumoinfo.be\/fr\/wp-content\/uploads\/sites\/196\/2022\/06\/maladie-infection-du-sang-2.png?w=300\"\n        width=\"300\"\n        height=\"300\"\n        loading=\"lazy\"\n        alt=\"La bact\u00e9ri\u00e9mie \u00e0 pneumocoques\"\n            \/>\n                        <\/figure>\n\n<\/div>\n\n    <\/div>\n<\/div>\n\n<\/div>\n\n\n<div class=\"mh-box mh-box--align-full mh-box--a33ddd8d528dea1577b76ac30278532d mh-box--no-background-image\">\n    \n<div class=\"mh-columns mh-columns--align-center mh-columns--vertical-alignment-center mh-column--fe55026642eaf58d5858f72c6e273ad5 mh-columns--gutter-m\">\n    <div class=\"mh-columns-inner\">\n        \n<div class=\"mh-column mh-column--ed82a63f0765402c1951f418b141cd66 mh-column--12 mh-column--m-6 mh-column--l-6\">\n    \n    <figure class=\"mh-image mh-image--align-center mh-image--0edc7ba90d4c459eccff200e9cc3c687\" >\n                            <img decoding=\"async\"\n        class=\"\"\n        src=\"https:\/\/www.pneumoinfo.be\/fr\/wp-content\/uploads\/sites\/196\/2022\/06\/maladie-meningite-2.png?w=300\"\n        width=\"300\"\n        height=\"300\"\n        loading=\"lazy\"\n        alt=\"La m\u00e9ningite \u00e0 pneumocoques\"\n            \/>\n                        <\/figure>\n\n<\/div>\n\n\n<div class=\"mh-column mh-column--a028062869d810a552eba92ca4bf844f mh-column--12 mh-column--m-6 mh-column--l-6\">\n    \n<h3  class=\"mh-heading mh-heading--57ce507a091d6b757bc59cc358a6b4e9\"><strong>La m\u00e9ningite \u00e0 pneumocoques<\/strong><\/h3>\n\n\n<p\n    class=\"mh-paragraph mh-paragraph--8f454c8bf88482f4fa44960d8a09ec9a\"\n    >\n    La m\u00e9ningite est une maladie rare, mais grave. Elle entra\u00eene une inflammation des membranes qui enveloppent le cerveau et la moelle \u00e9pini\u00e8re.\u00b2<\/p>\n\n\n\n<p\n    class=\"mh-paragraph mh-paragraph--75ba847fc3997c821c9992b5cb6f2666\"\n    >\n    <strong>Pr\u00e8s de la moiti\u00e9 des patients atteints d&#8217;une m\u00e9ningite \u00e0 pneumocoques souffrent de complications s\u00e9v\u00e8res telles que la perte auditive ou des troubles neurologiques.\u00b3<\/strong><\/p>\n\n<\/div>\n\n    <\/div>\n<\/div>\n\n<\/div>\n\n\n<div class=\"mh-box mh-box--align-full mh-box--8137117533562d68ff6d82cc9ac334e1 mh-box--no-background-image\">\n    \n<div class=\"mh-columns mh-columns--vertical-alignment-center mh-column--e5927587eae9f960450d578b356f4f7a mh-columns--gutter-m\">\n    <div class=\"mh-columns-inner\">\n        \n<div class=\"mh-column mh-column--bdb27734dd414b9b51eaf088ea61465d mh-column--12 mh-column--m-6 mh-column--l-6\">\n    \n\n<section class=\"mh-content-5 mh--content-5--b533fd6da7e9be23b6c95e0f660d1d95 mh-content-5--align-full\">\n    <article class=\"mh-content-5-content\">\n        \n<h2  class=\"mh-content-5-content__title mh-heading mh-heading--left mh-heading--033a13c697b988ab915f17a489e04308\"><strong>Brochure explicative<\/strong><\/h2>\n\n\n<p\n    class=\"mh-content-5-content__text mh-paragraph mh-paragraph--left mh-paragraph--align-center mh-paragraph--c761cf72400d8f237a14ca3c6704fe61\"\n    >\n    Pour mieux conna\u00eetre les maladies \u00e0 pneumocoques, leurs risques, leurs cons\u00e9quences mais \u00e9galement comment se prot\u00e9ger.<\/p>\n\n\n<div  class=\"mh-links mh-links--justified-start\">\n\n<a\n  class=\"mh-button mh-button--left mh-button--54e517fa6fd5b98ade0b42a255ae348d mh-button--custom\"\n  href=\"https:\/\/www.pneumoinfo.be\/fr\/wp-content\/uploads\/sites\/196\/2023\/05\/Patient_Brochure_pneumoinfo_FR.pdf\"\n  target=\"_self\"\n  rel=\"\"\n      >\n\n      <span class=\"mh-anchor-label\">\n      <span class=\"\">T\u00e9l\u00e9charger la brochure<\/span>    <\/span>\n      <\/a>\n\n\n<\/div>\n    <\/article>\n<\/section>\n\n<\/div>\n\n\n<div class=\"mh-column mh-column--0d78135298ab1e9e70795f5034108a4d mh-column--12 mh-column--m-6 mh-column--l-6\">\n    \n    <figure class=\"mh-image mh-image--8167b1fe4891b01b93da37f2debbb98d\" >\n                        <a\n        class=\"mh-anchor-for-image\"\n        href=\"https:\/\/www.pneumoinfo.be\/fr\/wp-content\/uploads\/sites\/196\/2023\/05\/Patient_Brochure_pneumoinfo_FR.pdf\"\n        rel=\"\"\n        target=\"\"\n    >\n            <img decoding=\"async\"\n        class=\"\"\n        src=\"https:\/\/www.pneumoinfo.be\/fr\/wp-content\/uploads\/sites\/196\/2022\/06\/brochure-pneumo.png?w=1200\"\n        width=\"1200\"\n        height=\"851\"\n        loading=\"lazy\"\n        alt=\"pneumo brochure pneumocoque\"\n            \/>\n        <\/a>\n                    <\/figure>\n\n<\/div>\n\n    <\/div>\n<\/div>\n\n<\/div>\n\n\n<div class=\"mh-box mh-box--f1dd84844957097b8bd21b73c69e3365 mh-box--no-background-image\">\n    \n\n<p\n    class=\"mh-paragraph mh-paragraph--a9797cba28f1abc378a2420ad6edb65d\"\n    >\n    <strong>R\u00e9f\u00e9rences<\/strong>:<\/p>\n\n\n\n<ol class=\"wp-block-list has-13-font-size wp-block-list\"><li>https:\/\/www.gezondheidenwetenschap.be\/richtlijnen\/preventie-van-ernstige-pneumokokkeninfecties . Last access: 10\/2022.<\/li><li>https:\/\/www.cdc.gov\/pneumococcal\/index.html .Last access: 10\/2022.<\/li><li>Centre F\u00e9d\u00e9ral d&#8217;expertise des soins de sant\u00e9. Quelle vaccination contre le pneumocoque chez les personnes \u00e2g\u00e9es? KCE; 2016. Rapport 274Bs. Last access: 10\/2022.<\/li><li>Conseil Sup\u00e9rieur de la Sant\u00e9. Vaccination anti pneumococcique (adultes). Bruxelles: CSS; 2022. Avis n\u00b0 9674. Last access: 10\/2022.<\/li><li>Verhaegen J. Surveillance van de pneumokokkeninfecties in Belgi\u00eb.Verslag voor 2016. Nationaal Referentiecentrum voor invasievepneumokokkeninfecties, UZ Leuven.<\/li><li>Torres A. et al. Which individuals are at increased risk of pneumococcal disease and why? Impact of COPD, asthma, smoking, diabetes, and\/or chronic heart disease on community-acquired pneumonia and invasive pneumococcal disease. BMJ 2015;0:1-6.<\/li><li>https:\/\/www.laatjevaccineren.be. Last access: 10\/2022.<\/li><\/ol>\n\n\n\n<p class=\"has-13-font-size\">* Par rapport \u00e0 des adultes ne pr\u00e9sentant pas ces affections chroniques<\/p>\n\n<\/div>\n","protected":false},"excerpt":{"rendered":"","protected":false},"author":385,"featured_media":0,"parent":0,"menu_order":0,"comment_status":"closed","ping_status":"closed","template":"blank-canvas-template.php","meta":{"_mh_page_language":"fr_BE","_mh_page_is_rtl":false,"editor_notices":[],"footnotes":""},"class_list":["post-556","page","type-page","status-publish","hentry"],"yoast_head":"<!-- This site is optimized with the Yoast SEO plugin v27.0 - https:\/\/yoast.com\/product\/yoast-seo-wordpress\/ -->\n<title>Maladies \u00e0 pneumocoques cons\u00e9quences | Pneumoinfo.be<\/title>\n<meta name=\"description\" content=\"Une maladie \u00e0 pneumocoques peut \u00eatre \u00e0 l\u2019origine de graves complications, mais \u00e9galement entra\u00eener une hospitalisation ou m\u00eame un d\u00e9c\u00e8s. En savoir plus &gt;\" \/>\n<meta name=\"robots\" content=\"index, follow, max-snippet:-1, max-image-preview:large, max-video-preview:-1\" \/>\n<link rel=\"canonical\" href=\"https:\/\/www.pneumoinfo.be\/fr\/les-consequences\/\" \/>\n<meta property=\"og:locale\" content=\"en_US\" \/>\n<meta property=\"og:type\" content=\"article\" \/>\n<meta property=\"og:title\" content=\"Maladies \u00e0 pneumocoques cons\u00e9quences | Pneumoinfo.be\" \/>\n<meta property=\"og:description\" content=\"Une maladie \u00e0 pneumocoques peut \u00eatre \u00e0 l\u2019origine de graves complications, mais \u00e9galement entra\u00eener une hospitalisation ou m\u00eame un d\u00e9c\u00e8s. En savoir plus &gt;\" \/>\n<meta property=\"og:url\" content=\"https:\/\/www.pneumoinfo.be\/fr\/les-consequences\/\" \/>\n<meta property=\"og:site_name\" content=\"Pneumo Info BE FR\" \/>\n<meta property=\"article:modified_time\" content=\"2023-01-18T15:20:36+00:00\" \/>\n<meta property=\"og:image\" content=\"https:\/\/www.pneumoinfo.be\/fr\/wp-content\/uploads\/sites\/196\/2022\/06\/maladies-pneumocoques.png\" \/>\n\t<meta property=\"og:image:width\" content=\"1296\" \/>\n\t<meta property=\"og:image:height\" content=\"864\" \/>\n\t<meta property=\"og:image:type\" content=\"image\/png\" \/>\n<meta name=\"twitter:card\" content=\"summary_large_image\" \/>\n<meta name=\"twitter:label1\" content=\"Est. reading time\" \/>\n\t<meta name=\"twitter:data1\" content=\"1 minute\" \/>\n<script type=\"application\/ld+json\" class=\"yoast-schema-graph\">{\"@context\":\"https:\/\/schema.org\",\"@graph\":[{\"@type\":\"WebPage\",\"@id\":\"https:\/\/www.pneumoinfo.be\/fr\/les-consequences\/\",\"url\":\"https:\/\/www.pneumoinfo.be\/fr\/les-consequences\/\",\"name\":\"Maladies \u00e0 pneumocoques cons\u00e9quences | Pneumoinfo.be\",\"isPartOf\":{\"@id\":\"https:\/\/www.pneumoinfo.be\/fr\/#website\"},\"datePublished\":\"2022-07-06T16:35:00+00:00\",\"dateModified\":\"2023-01-18T15:20:36+00:00\",\"description\":\"Une maladie \u00e0 pneumocoques peut \u00eatre \u00e0 l\u2019origine de graves complications, mais \u00e9galement entra\u00eener une hospitalisation ou m\u00eame un d\u00e9c\u00e8s. En savoir plus >\",\"breadcrumb\":{\"@id\":\"https:\/\/www.pneumoinfo.be\/fr\/les-consequences\/#breadcrumb\"},\"inLanguage\":\"en-US\",\"potentialAction\":[{\"@type\":\"ReadAction\",\"target\":[\"https:\/\/www.pneumoinfo.be\/fr\/les-consequences\/\"]}]},{\"@type\":\"BreadcrumbList\",\"@id\":\"https:\/\/www.pneumoinfo.be\/fr\/les-consequences\/#breadcrumb\",\"itemListElement\":[{\"@type\":\"ListItem\",\"position\":1,\"name\":\"Accueil\",\"item\":\"https:\/\/www.pneumoinfo.be\/fr\/\"},{\"@type\":\"ListItem\",\"position\":2,\"name\":\"Les cons\u00e9quences d&#8217;une maladie \u00e0 pneumocoques\"}]},{\"@type\":\"WebSite\",\"@id\":\"https:\/\/www.pneumoinfo.be\/fr\/#website\",\"url\":\"https:\/\/www.pneumoinfo.be\/fr\/\",\"name\":\"Pneumo Info BE FR\",\"description\":\"Maladies \u00e0 pneumocoques\",\"publisher\":{\"@id\":\"https:\/\/www.pneumoinfo.be\/fr\/#organization\"},\"potentialAction\":[{\"@type\":\"SearchAction\",\"target\":{\"@type\":\"EntryPoint\",\"urlTemplate\":\"https:\/\/www.pneumoinfo.be\/fr\/?s={search_term_string}\"},\"query-input\":{\"@type\":\"PropertyValueSpecification\",\"valueRequired\":true,\"valueName\":\"search_term_string\"}}],\"inLanguage\":\"en-US\"},{\"@type\":\"Organization\",\"@id\":\"https:\/\/www.pneumoinfo.be\/fr\/#organization\",\"name\":\"MSD\",\"url\":\"https:\/\/www.pneumoinfo.be\/fr\/\",\"logo\":{\"@type\":\"ImageObject\",\"inLanguage\":\"en-US\",\"@id\":\"https:\/\/www.pneumoinfo.be\/fr\/#\/schema\/logo\/image\/\",\"url\":\"https:\/\/www.pneumoinfo.be\/fr\/wp-content\/uploads\/sites\/196\/2022\/07\/MSD_Sharp__Dohme_GmbH_logo-2.png\",\"contentUrl\":\"https:\/\/www.pneumoinfo.be\/fr\/wp-content\/uploads\/sites\/196\/2022\/07\/MSD_Sharp__Dohme_GmbH_logo-2.png\",\"width\":139,\"height\":55,\"caption\":\"MSD\"},\"image\":{\"@id\":\"https:\/\/www.pneumoinfo.be\/fr\/#\/schema\/logo\/image\/\"}}]}<\/script>\n<!-- \/ Yoast SEO plugin. -->","yoast_head_json":{"title":"Maladies \u00e0 pneumocoques cons\u00e9quences | Pneumoinfo.be","description":"Une maladie \u00e0 pneumocoques peut \u00eatre \u00e0 l\u2019origine de graves complications, mais \u00e9galement entra\u00eener une hospitalisation ou m\u00eame un d\u00e9c\u00e8s. En savoir plus >","robots":{"index":"index","follow":"follow","max-snippet":"max-snippet:-1","max-image-preview":"max-image-preview:large","max-video-preview":"max-video-preview:-1"},"canonical":"https:\/\/www.pneumoinfo.be\/fr\/les-consequences\/","og_locale":"en_US","og_type":"article","og_title":"Maladies \u00e0 pneumocoques cons\u00e9quences | Pneumoinfo.be","og_description":"Une maladie \u00e0 pneumocoques peut \u00eatre \u00e0 l\u2019origine de graves complications, mais \u00e9galement entra\u00eener une hospitalisation ou m\u00eame un d\u00e9c\u00e8s. En savoir plus >","og_url":"https:\/\/www.pneumoinfo.be\/fr\/les-consequences\/","og_site_name":"Pneumo Info BE FR","article_modified_time":"2023-01-18T15:20:36+00:00","og_image":[{"width":1296,"height":864,"url":"https:\/\/www.pneumoinfo.be\/fr\/wp-content\/uploads\/sites\/196\/2022\/06\/maladies-pneumocoques.png","type":"image\/png"}],"twitter_card":"summary_large_image","twitter_misc":{"Est. reading time":"1 minute"},"schema":{"@context":"https:\/\/schema.org","@graph":[{"@type":"WebPage","@id":"https:\/\/www.pneumoinfo.be\/fr\/les-consequences\/","url":"https:\/\/www.pneumoinfo.be\/fr\/les-consequences\/","name":"Maladies \u00e0 pneumocoques cons\u00e9quences | Pneumoinfo.be","isPartOf":{"@id":"https:\/\/www.pneumoinfo.be\/fr\/#website"},"datePublished":"2022-07-06T16:35:00+00:00","dateModified":"2023-01-18T15:20:36+00:00","description":"Une maladie \u00e0 pneumocoques peut \u00eatre \u00e0 l\u2019origine de graves complications, mais \u00e9galement entra\u00eener une hospitalisation ou m\u00eame un d\u00e9c\u00e8s. En savoir plus >","breadcrumb":{"@id":"https:\/\/www.pneumoinfo.be\/fr\/les-consequences\/#breadcrumb"},"inLanguage":"en-US","potentialAction":[{"@type":"ReadAction","target":["https:\/\/www.pneumoinfo.be\/fr\/les-consequences\/"]}]},{"@type":"BreadcrumbList","@id":"https:\/\/www.pneumoinfo.be\/fr\/les-consequences\/#breadcrumb","itemListElement":[{"@type":"ListItem","position":1,"name":"Accueil","item":"https:\/\/www.pneumoinfo.be\/fr\/"},{"@type":"ListItem","position":2,"name":"Les cons\u00e9quences d&#8217;une maladie \u00e0 pneumocoques"}]},{"@type":"WebSite","@id":"https:\/\/www.pneumoinfo.be\/fr\/#website","url":"https:\/\/www.pneumoinfo.be\/fr\/","name":"Pneumo Info BE FR","description":"Maladies \u00e0 pneumocoques","publisher":{"@id":"https:\/\/www.pneumoinfo.be\/fr\/#organization"},"potentialAction":[{"@type":"SearchAction","target":{"@type":"EntryPoint","urlTemplate":"https:\/\/www.pneumoinfo.be\/fr\/?s={search_term_string}"},"query-input":{"@type":"PropertyValueSpecification","valueRequired":true,"valueName":"search_term_string"}}],"inLanguage":"en-US"},{"@type":"Organization","@id":"https:\/\/www.pneumoinfo.be\/fr\/#organization","name":"MSD","url":"https:\/\/www.pneumoinfo.be\/fr\/","logo":{"@type":"ImageObject","inLanguage":"en-US","@id":"https:\/\/www.pneumoinfo.be\/fr\/#\/schema\/logo\/image\/","url":"https:\/\/www.pneumoinfo.be\/fr\/wp-content\/uploads\/sites\/196\/2022\/07\/MSD_Sharp__Dohme_GmbH_logo-2.png","contentUrl":"https:\/\/www.pneumoinfo.be\/fr\/wp-content\/uploads\/sites\/196\/2022\/07\/MSD_Sharp__Dohme_GmbH_logo-2.png","width":139,"height":55,"caption":"MSD"},"image":{"@id":"https:\/\/www.pneumoinfo.be\/fr\/#\/schema\/logo\/image\/"}}]}},"_links":{"self":[{"href":"https:\/\/www.pneumoinfo.be\/fr\/wp-json\/wp\/v2\/pages\/556","targetHints":{"allow":["GET"]}}],"collection":[{"href":"https:\/\/www.pneumoinfo.be\/fr\/wp-json\/wp\/v2\/pages"}],"about":[{"href":"https:\/\/www.pneumoinfo.be\/fr\/wp-json\/wp\/v2\/types\/page"}],"author":[{"embeddable":true,"href":"https:\/\/www.pneumoinfo.be\/fr\/wp-json\/wp\/v2\/users\/385"}],"replies":[{"embeddable":true,"href":"https:\/\/www.pneumoinfo.be\/fr\/wp-json\/wp\/v2\/comments?post=556"}],"version-history":[{"count":34,"href":"https:\/\/www.pneumoinfo.be\/fr\/wp-json\/wp\/v2\/pages\/556\/revisions"}],"predecessor-version":[{"id":915,"href":"https:\/\/www.pneumoinfo.be\/fr\/wp-json\/wp\/v2\/pages\/556\/revisions\/915"}],"wp:attachment":[{"href":"https:\/\/www.pneumoinfo.be\/fr\/wp-json\/wp\/v2\/media?parent=556"}],"curies":[{"name":"wp","href":"https:\/\/api.w.org\/{rel}","templated":true}]}}