{"id":363,"date":"2022-07-05T23:15:37","date_gmt":"2022-07-05T23:15:37","guid":{"rendered":"https:\/\/www.pneumoinfo.be\/fr\/?page_id=363"},"modified":"2022-10-20T12:57:27","modified_gmt":"2022-10-20T12:57:27","slug":"les-maladies-a-pneumocoques","status":"publish","type":"page","link":"https:\/\/www.pneumoinfo.be\/fr\/les-maladies-a-pneumocoques\/","title":{"rendered":"Qu&#8217;est ce qu&#8217;une maladie \u00e0 pneumocoques\u00a0?"},"content":{"rendered":"<section class=\"mh-hero-11 mh-hero-11--faeb3e84e1511d3871cfcee3bf6c30ca mh-hero-11--rtl mh-hero-11--align-full\">\n    <div class=\"mh-hero-11__image\">\n            <figure class=\"mh-image mh-image--b2da8cbbea690acef61b9568e7d047e9 with-aspect-ratio with-aspect-ratio--43\">\n        <div class=\"figure-outer\">\n            <div class=\"figure-inner\">\n                                            <img decoding=\"async\"\n        class=\"\"\n        src=\"https:\/\/www.pneumoinfo.be\/fr\/wp-content\/uploads\/sites\/196\/2022\/06\/maladies-pneumocoques-1.png?w=1176\"\n        width=\"1176\"\n        height=\"1131\"\n        loading=\"lazy\"\n        alt=\"maladie \u00e0 pneumocoques illustration\"\n            \/>\n                                <\/div>\n        <\/div>\n            <\/figure>\n    <\/div>\n\n    <article class=\"mh-hero-11-content\">\n        \n<h1  class=\"mh-hero-11-content__heading mh-heading mh-heading--ac73f41a6c58a2bd2172ce7ffa0f41e6\"><strong><mark style=\"background-color:#fafafa;color:#459ebc\" class=\"has-inline-color\">Qu&#8217;est ce qu&#8217;une maladie \u00e0 pneumocoques ?<\/mark><\/strong><\/h1>\n\n\n<p\n    class=\"mh-hero-11-content__text mh-paragraph mh-paragraph--83c1b17884501490cbbdd9583c2fd436\"\n    >\n    Une maladie a\u0300 pneumocoques est provoque\u0301e par la bacte\u0301rie \u201c<em>Streptococcus pneumoniae<\/em>\u201d et elle est la <strong>premie\u0300re cause de pneumonie<\/strong>.\u00b9<\/p>\n\n    <\/article>\n<\/section>\n\n\n<h2  class=\"mh-heading mh-heading--center mh-heading--align-center mh-heading--51d2ad7b29e52496a961c8d16eb4c7c5\"><strong><mark style=\"background-color:#ffffff;color:#459ebc\" class=\"has-inline-color\">Cette bact\u00e9rie peut causer les maladies suivantes\u00b2 :<\/mark><\/strong><\/h2>\n\n<div class=\"mh-columns mh-columns--align-center mh-columns--vertical-alignment-top mh-column--8585ae65db567a1f54aae9fe962e8cdc mh-columns--gutter-l\">\n    <div class=\"mh-columns-inner\">\n        \n<div class=\"mh-column mh-column--bfe7ba508a74cf8f41a8a4bb5b51653c mh-column--6 mh-column--m-6 mh-column--l-3\">\n    \n    <figure class=\"mh-image mh-image--align-center mh-image--8b0708871a3f647a2f1895c926db95f0\" >\n                            <img decoding=\"async\"\n        class=\"\"\n        src=\"https:\/\/www.pneumoinfo.be\/fr\/wp-content\/uploads\/sites\/196\/2022\/06\/maladie-pneumonie-1.png?w=300\"\n        width=\"300\"\n        height=\"300\"\n        loading=\"lazy\"\n        alt=\"pneumocoque maladie pneumonie icon\"\n            \/>\n                        <\/figure>\n\n\n\n<p\n    class=\"mh-paragraph mh-paragraph--center mh-paragraph--align-center mh-paragraph--54831caf433d66856706b6dde29135d7\"\n    >\n    <strong>Pneumonie<\/strong><\/p>\n\n<\/div>\n\n\n<div class=\"mh-column mh-column--340e8b03a6a20e2b1ef75252ec98ca97 mh-column--6 mh-column--m-6 mh-column--l-3\">\n    \n    <figure class=\"mh-image mh-image--align-center mh-image--58cc65d16bc7403ebce84cd9ba330b05\" >\n                            <img decoding=\"async\"\n        class=\"\"\n        src=\"https:\/\/www.pneumoinfo.be\/fr\/wp-content\/uploads\/sites\/196\/2022\/06\/maladie-otite-2.png?w=300\"\n        width=\"300\"\n        height=\"300\"\n        loading=\"lazy\"\n        alt=\"pneumocoque maladie otite icon\"\n            \/>\n                        <\/figure>\n\n\n\n<p\n    class=\"mh-paragraph mh-paragraph--center mh-paragraph--align-center mh-paragraph--efff2ff300b5548bdd32e48057e8d4ed\"\n    >\n    <strong>Otite<\/strong><\/p>\n\n<\/div>\n\n\n<div class=\"mh-column mh-column--cca0dd2fb5c8462164066d2aa8f439a8 mh-column--6 mh-column--m-6 mh-column--l-3\">\n    \n    <figure class=\"mh-image mh-image--align-center mh-image--f4f530905a5f31570bf1febd621afbf5\" >\n                            <img decoding=\"async\"\n        class=\"\"\n        src=\"https:\/\/www.pneumoinfo.be\/fr\/wp-content\/uploads\/sites\/196\/2022\/06\/maladie-infection-du-sang-1.png?w=300\"\n        width=\"300\"\n        height=\"300\"\n        loading=\"lazy\"\n        alt=\"pneumocoque Infection du sang icon\"\n            \/>\n                        <\/figure>\n\n\n\n<p\n    class=\"mh-paragraph mh-paragraph--center mh-paragraph--align-center mh-paragraph--19709f28bab9afce32514c5f41e56af6\"\n    >\n    <strong>Infection du sang<\/strong><\/p>\n\n<\/div>\n\n\n<div class=\"mh-column mh-column--2ea46d41784971941815f3241a64c030 mh-column--6 mh-column--m-6 mh-column--l-3\">\n    \n    <figure class=\"mh-image mh-image--align-center mh-image--9e5b0b79ae625208c76678f35f21a687\" >\n                            <img decoding=\"async\"\n        class=\"\"\n        src=\"https:\/\/www.pneumoinfo.be\/fr\/wp-content\/uploads\/sites\/196\/2022\/06\/maladie-meningite-2.png?w=300\"\n        width=\"300\"\n        height=\"300\"\n        loading=\"lazy\"\n        alt=\"pneumocoque maladie M\u00e9ningite icon\"\n            \/>\n                        <\/figure>\n\n\n\n<p\n    class=\"mh-paragraph mh-paragraph--center mh-paragraph--align-center mh-paragraph--7917225766bbeaafe9c767fcd31dbfd2\"\n    >\n    <strong>M\u00e9ningite<\/strong><\/p>\n\n<\/div>\n\n    <\/div>\n<\/div>\n\n\n<hr class=\"mh-spacer mh-spacer--2b8205aef922754b0d5ed15dae4cafb9\" aria-hidden=\"true\" \/>\n\n\n<hr class=\"mh-separator mh-separator--882dcc74f8637f02a2a20c20be9e5b10\" aria-hidden=\"true\" \/>\n\n\n<h2  class=\"mh-heading mh-heading--center mh-heading--align-center mh-heading--3c34b726fc49253c0e4ec7d663dbed1a\"><strong><mark style=\"background-color:#ffffff;color:#459ebc\" class=\"has-inline-color\">Les personnes malades ou en bonne sante\u0301 peuvent transmettre cette bacte\u0301rie\u00b2 :<\/mark><\/strong><\/h2>\n\n<div class=\"mh-columns mh-columns--align-center mh-columns--vertical-alignment-top mh-column--96347e79f96857c2e0d704981ff64f07 mh-columns--gutter-l\">\n    <div class=\"mh-columns-inner\">\n        \n<div class=\"mh-column mh-column--b2786150c86c04e4e0925724a562c424 mh-column--6 mh-column--m-6 mh-column--l-3\">\n    \n    <figure class=\"mh-image mh-image--align-center mh-image--a237759a907c3157623823313a349711\" >\n                            <img decoding=\"async\"\n        class=\"\"\n        src=\"https:\/\/www.pneumoinfo.be\/fr\/wp-content\/uploads\/sites\/196\/2022\/06\/transmission-en-toussant-1.png?w=300\"\n        width=\"300\"\n        height=\"300\"\n        loading=\"lazy\"\n        alt=\"En toussant icon pneumocoque transmission \"\n            \/>\n                        <\/figure>\n\n\n\n<p\n    class=\"mh-paragraph mh-paragraph--center mh-paragraph--align-center mh-paragraph--1306d462c67a5705e5937454c1490673\"\n    >\n    <strong>En toussant<\/strong><\/p>\n\n<\/div>\n\n\n<div class=\"mh-column mh-column--7e9379cada33fadd4ca24a96bf2b0d75 mh-column--6 mh-column--m-6 mh-column--l-3\">\n    \n    <figure class=\"mh-image mh-image--align-center mh-image--bece197fca01df1eedaf85c437ae50ff\" >\n                            <img decoding=\"async\"\n        class=\"\"\n        src=\"https:\/\/www.pneumoinfo.be\/fr\/wp-content\/uploads\/sites\/196\/2022\/06\/transmission-en-eternuant-et-en-se-mouchant-1.png?w=300\"\n        width=\"300\"\n        height=\"300\"\n        loading=\"lazy\"\n        alt=\"En \u00e9ternuant et en se mouchant icon pneumocoque transmission \"\n            \/>\n                        <\/figure>\n\n\n\n<p\n    class=\"mh-paragraph mh-paragraph--center mh-paragraph--align-center mh-paragraph--caa81c2048bae52b0379744f6150b8cc\"\n    >\n    <strong>En \u00e9ternuant et en se mouchant<\/strong><\/p>\n\n<\/div>\n\n\n<div class=\"mh-column mh-column--09bb791dd81680dcbbb7b60765f3792d mh-column--6 mh-column--m-6 mh-column--l-3\">\n    \n    <figure class=\"mh-image mh-image--align-center mh-image--db1b54b111a84564e0b7f85bbfd8f03e\" >\n                            <img decoding=\"async\"\n        class=\"\"\n        src=\"https:\/\/www.pneumoinfo.be\/fr\/wp-content\/uploads\/sites\/196\/2022\/06\/transmission-par-un-contact-etroit-avec-les-autres-1.png?w=300\"\n        width=\"300\"\n        height=\"300\"\n        loading=\"lazy\"\n        alt=\"Par un contact \u00e9troit avec les autres icon pneumocoque transmission \"\n            \/>\n                        <\/figure>\n\n\n\n<p\n    class=\"mh-paragraph mh-paragraph--center mh-paragraph--align-center mh-paragraph--192c76c4989b44317d580eab6c28d894\"\n    >\n    <strong>Par un contact \u00e9troit avec les autres<\/strong><\/p>\n\n<\/div>\n\n\n<div class=\"mh-column mh-column--5f6c6428bc545fb92d0b5552b92eda60 mh-column--6 mh-column--m-6 mh-column--l-3\">\n    \n    <figure class=\"mh-image mh-image--align-center mh-image--3fb426848501ccede53b766a2c05dc63\" >\n                            <img decoding=\"async\"\n        class=\"\"\n        src=\"https:\/\/www.pneumoinfo.be\/fr\/wp-content\/uploads\/sites\/196\/2022\/06\/transmission-en-em-brassant-quelqun-1.png?w=300\"\n        width=\"300\"\n        height=\"300\"\n        loading=\"lazy\"\n        alt=\"En embrassant quelqu'un icon pneumocoque transmission \"\n            \/>\n                        <\/figure>\n\n\n\n<p\n    class=\"mh-paragraph mh-paragraph--center mh-paragraph--align-center mh-paragraph--6f252f0701601478a80d307bfeb08909\"\n    >\n    <strong>En embrassant quelqu&#8217;un<\/strong><\/p>\n\n<\/div>\n\n    <\/div>\n<\/div>\n\n\n<hr class=\"mh-spacer mh-spacer--2b8205aef922754b0d5ed15dae4cafb9\" aria-hidden=\"true\" \/>\n\n\n<hr class=\"mh-separator mh-separator--882dcc74f8637f02a2a20c20be9e5b10\" aria-hidden=\"true\" \/>\n\n\n<h2  class=\"mh-heading mh-heading--center mh-heading--align-center mh-heading--fd072b7471dbf5c8a06baa9831081952\"><strong><mark style=\"background-color:#ffffff;color:#459ebc\" class=\"has-inline-color\">Quels sont les sympt\u00f4mes ?<\/mark><\/strong><\/h2>\n\n\n<p\n    class=\"mh-paragraph mh-paragraph--center mh-paragraph--align-center mh-paragraph--84a196758c66033042da9abfffba448c\"\n    >\n    Les sympt\u00f4mes d\u2019une maladie \u00e0 pneumocoques d\u00e9pendent de la partie du corps contamin\u00e9e.<br \/>\nLes sympt\u00f4mes de la pneumonie sont les suivants\u00b2\u00a0:<\/p>\n\n\n<div class=\"mh-columns mh-columns--align-center mh-columns--vertical-alignment-top mh-column--a9ef168c74fcc4e356f0c90a6fa2070e mh-columns--gutter-l\">\n    <div class=\"mh-columns-inner\">\n        \n<div class=\"mh-column mh-column--24b116ea13a9eaf61386fd75ef8cae9c mh-column--6 mh-column--m-6 mh-column--l-3\">\n    \n    <figure class=\"mh-image mh-image--align-center mh-image--e04d51e7af9d1c187ca4021dd55efe90\" >\n                            <img decoding=\"async\"\n        class=\"\"\n        src=\"https:\/\/www.pneumoinfo.be\/fr\/wp-content\/uploads\/sites\/196\/2022\/06\/symptomes-fievre-frissons-1.png?w=800\"\n        width=\"800\"\n        height=\"534\"\n        loading=\"lazy\"\n        alt=\"Fi\u00e8vre et frissons pneumocoque sympt\u00f4mes\"\n            \/>\n                        <\/figure>\n\n\n\n<p\n    class=\"mh-paragraph mh-paragraph--center mh-paragraph--align-center mh-paragraph--54f4fc3862b0d0ba137fb7c8069bfd5e\"\n    >\n    <strong>Fi\u00e8vre et frissons<\/strong><\/p>\n\n<\/div>\n\n\n<div class=\"mh-column mh-column--108c40dd2ae7163cb8ae57eab84cc438 mh-column--6 mh-column--m-6 mh-column--l-3\">\n    \n    <figure class=\"mh-image mh-image--align-center mh-image--e821180f6e585f735e981ed6c23fc69f\" >\n                            <img decoding=\"async\"\n        class=\"\"\n        src=\"https:\/\/www.pneumoinfo.be\/fr\/wp-content\/uploads\/sites\/196\/2022\/06\/symptomes-respiration-rapide-et-difficile-1.png?w=800\"\n        width=\"800\"\n        height=\"534\"\n        loading=\"lazy\"\n        alt=\"Respiration rapide et difficile pneumocoque sympt\u00f4mes\"\n            \/>\n                        <\/figure>\n\n\n\n<p\n    class=\"mh-paragraph mh-paragraph--center mh-paragraph--align-center mh-paragraph--07d3e9d8c86a380de6a48e82c604b644\"\n    >\n    <strong>Respiration rapide et difficile<\/strong><\/p>\n\n<\/div>\n\n\n<div class=\"mh-column mh-column--f325906198915e33a27b7031161a463e mh-column--6 mh-column--m-6 mh-column--l-3\">\n    \n    <figure class=\"mh-image mh-image--align-center mh-image--52df1d20368f3538788119b95175afec\" >\n                            <img decoding=\"async\"\n        class=\"\"\n        src=\"https:\/\/www.pneumoinfo.be\/fr\/wp-content\/uploads\/sites\/196\/2022\/06\/symptomes-toux-p-1600-1.png?w=800\"\n        width=\"800\"\n        height=\"534\"\n        loading=\"lazy\"\n        alt=\"Toux importante pneumocoque sympt\u00f4mes\"\n            \/>\n                        <\/figure>\n\n\n\n<p\n    class=\"mh-paragraph mh-paragraph--center mh-paragraph--align-center mh-paragraph--cc2118f74719e397fdd1bd0c881c0c9b\"\n    >\n    <strong>Toux importante<\/strong><\/p>\n\n<\/div>\n\n\n<div class=\"mh-column mh-column--eff2bdab59d17e39bdabdedaedde6b65 mh-column--6 mh-column--m-6 mh-column--l-3\">\n    \n    <figure class=\"mh-image mh-image--align-center mh-image--12f36bab8666b3586a9e69dbcc3d406d\" >\n                            <img decoding=\"async\"\n        class=\"\"\n        src=\"https:\/\/www.pneumoinfo.be\/fr\/wp-content\/uploads\/sites\/196\/2022\/06\/symptomes-douleur-poitrine-1.png?w=800\"\n        width=\"800\"\n        height=\"534\"\n        loading=\"lazy\"\n        alt=\"Douleur dans la poitrine pneumocoque sympt\u00f4mes\"\n            \/>\n                        <\/figure>\n\n\n\n<p\n    class=\"mh-paragraph mh-paragraph--center mh-paragraph--align-center mh-paragraph--984828176cb14e569f1fc618a84f2f7c\"\n    >\n    <strong>Douleur dans la poitrine<\/strong><\/p>\n\n<\/div>\n\n    <\/div>\n<\/div>\n\n\n<hr class=\"mh-spacer mh-spacer--687b8fc245cd32ec5f1c881da24383ba\" aria-hidden=\"true\" \/>\n\n\n<div class=\"mh-box mh-box--align-full mh-box--f565d2cb2338132fde6f12426e6957c4 mh-box--no-background-image\">\n    \n<div class=\"mh-columns mh-columns--vertical-alignment-center mh-column--8cf9dbefb3a277adfdbb4428eb8920b9 mh-columns--gutter-m\">\n    <div class=\"mh-columns-inner\">\n        \n<div class=\"mh-column mh-column--f94fc137b84b329e69449de2c3bb3d42 mh-column--12 mh-column--m-6 mh-column--l-6\">\n    \n\n<section class=\"mh-content-5 mh--content-5--360d4e145cb7f30f024f751f4c4e8d3b mh-content-5--align-full\">\n    <article class=\"mh-content-5-content\">\n        \n<h2  class=\"mh-content-5-content__title mh-heading mh-heading--left mh-heading--033a13c697b988ab915f17a489e04308\"><strong>Brochure explicative<\/strong><\/h2>\n\n\n<p\n    class=\"mh-content-5-content__text mh-paragraph mh-paragraph--left mh-paragraph--align-center mh-paragraph--c761cf72400d8f237a14ca3c6704fe61\"\n    >\n    Pour mieux conna\u00eetre les maladies \u00e0 pneumocoques, leurs risques, leurs cons\u00e9quences mais \u00e9galement comment se prot\u00e9ger.<\/p>\n\n\n<div  class=\"mh-links mh-links--justified-start\">\n\n<a\n  class=\"mh-button mh-button--left mh-button--f564ba2aa72508f512c0fdff51f7243e mh-button--custom\"\n  href=\"https:\/\/www.pneumoinfo.be\/fr\/wp-content\/uploads\/sites\/196\/2023\/05\/Patient_Brochure_pneumoinfo_FR.pdf\"\n  target=\"_self\"\n  rel=\"\"\n      >\n\n      <span class=\"mh-anchor-label\">\n      <span class=\"\">T\u00e9l\u00e9charger la brochure<\/span>    <\/span>\n      <\/a>\n\n\n<\/div>\n    <\/article>\n<\/section>\n\n<\/div>\n\n\n<div class=\"mh-column mh-column--0d78135298ab1e9e70795f5034108a4d mh-column--12 mh-column--m-6 mh-column--l-6\">\n    \n    <figure class=\"mh-image mh-image--8167b1fe4891b01b93da37f2debbb98d\" >\n                        <a\n        class=\"mh-anchor-for-image\"\n        href=\"https:\/\/www.pneumoinfo.be\/fr\/wp-content\/uploads\/sites\/196\/2023\/05\/Patient_Brochure_pneumoinfo_FR.pdf\"\n        rel=\"\"\n        target=\"\"\n    >\n            <img decoding=\"async\"\n        class=\"\"\n        src=\"https:\/\/www.pneumoinfo.be\/fr\/wp-content\/uploads\/sites\/196\/2022\/06\/brochure-pneumo.png?w=1200\"\n        width=\"1200\"\n        height=\"851\"\n        loading=\"lazy\"\n        alt=\"pneumo brochure pneumocoque\"\n            \/>\n        <\/a>\n                    <\/figure>\n\n<\/div>\n\n    <\/div>\n<\/div>\n\n<\/div>\n\n\n<div class=\"mh-box mh-box--992e8506eca06b0be1b2b8dedb516f9f mh-box--no-background-image\">\n    <\/div>\n\n\n<div class=\"mh-box mh-box--f1dd84844957097b8bd21b73c69e3365 mh-box--no-background-image\">\n    \n\n<p\n    class=\"mh-paragraph mh-paragraph--a9797cba28f1abc378a2420ad6edb65d\"\n    >\n    <strong>R\u00e9f\u00e9rences<\/strong>:<\/p>\n\n\n\n<ol class=\"wp-block-list has-13-font-size wp-block-list\"><li>https:\/\/www.gezondheidenwetenschap.be\/richtlijnen\/preventie-van-ernstige-pneumokokkeninfecties . Last access: 10\/2022.<\/li><li>https:\/\/www.cdc.gov\/pneumococcal\/index.html .Last access: 10\/2022.<\/li><li>Centre F\u00e9d\u00e9ral d&#8217;expertise des soins de sant\u00e9. Quelle vaccination contre le pneumocoque chez les personnes \u00e2g\u00e9es? KCE; 2016. Rapport 274Bs. Last access: 10\/2022.<\/li><li>Conseil Sup\u00e9rieur de la Sant\u00e9. Vaccination anti pneumococcique (adultes). Bruxelles: CSS; 2022. Avis n\u00b0 9674. Last access: 10\/2022.<\/li><li>Verhaegen J. Surveillance van de pneumokokkeninfecties in Belgi\u00eb.Verslag voor 2016. Nationaal Referentiecentrum voor invasievepneumokokkeninfecties, UZ Leuven.<\/li><li>Torres A. et al. Which individuals are at increased risk of pneumococcal disease and why? Impact of COPD, asthma, smoking, diabetes, and\/or chronic heart disease on community-acquired pneumonia and invasive pneumococcal disease. BMJ 2015;0:1-6.<\/li><li>https:\/\/www.laatjevaccineren.be. Last access: 10\/2022.<\/li><\/ol>\n\n\n\n<p class=\"has-13-font-size\">* Par rapport \u00e0 des adultes ne pr\u00e9sentant pas ces affections chroniques<\/p>\n\n<\/div>\n","protected":false},"excerpt":{"rendered":"","protected":false},"author":385,"featured_media":0,"parent":0,"menu_order":0,"comment_status":"closed","ping_status":"closed","template":"blank-canvas-template.php","meta":{"_mh_page_language":"en_US","_mh_page_is_rtl":false,"editor_notices":[],"footnotes":""},"class_list":["post-363","page","type-page","status-publish","hentry"],"yoast_head":"<!-- This site is optimized with the Yoast SEO plugin v23.9 - https:\/\/yoast.com\/wordpress\/plugins\/seo\/ -->\n<title>Maladies \u00e0 pneumocoques d\u00e9finition | Pneumoinfo.be<\/title>\n<meta name=\"description\" content=\"Une maladie \u00e0 pneumocoques est provoqu\u00e9e par la bact\u00e9rie \u201cStreptococcus pneumoniae\u201d et elle est la premi\u00e8re cause de pneumonie. En savoir plus &gt;\" \/>\n<meta name=\"robots\" content=\"index, follow, max-snippet:-1, max-image-preview:large, max-video-preview:-1\" \/>\n<link rel=\"canonical\" href=\"https:\/\/www.pneumoinfo.be\/fr\/les-maladies-a-pneumocoques\/\" \/>\n<meta property=\"og:locale\" content=\"en_US\" \/>\n<meta property=\"og:type\" content=\"article\" \/>\n<meta property=\"og:title\" content=\"Maladies \u00e0 pneumocoques d\u00e9finition | Pneumoinfo.be\" \/>\n<meta property=\"og:description\" content=\"Une maladie \u00e0 pneumocoques est provoqu\u00e9e par la bact\u00e9rie \u201cStreptococcus pneumoniae\u201d et elle est la premi\u00e8re cause de pneumonie. En savoir plus &gt;\" \/>\n<meta property=\"og:url\" content=\"https:\/\/www.pneumoinfo.be\/fr\/les-maladies-a-pneumocoques\/\" \/>\n<meta property=\"og:site_name\" content=\"Pneumo Info BE FR\" \/>\n<meta property=\"article:modified_time\" content=\"2022-10-20T12:57:27+00:00\" \/>\n<meta property=\"og:image\" content=\"https:\/\/www.pneumoinfo.be\/fr\/wp-content\/uploads\/sites\/196\/2022\/06\/maladies-pneumocoques.png\" \/>\n\t<meta property=\"og:image:width\" content=\"1296\" \/>\n\t<meta property=\"og:image:height\" content=\"864\" \/>\n\t<meta property=\"og:image:type\" content=\"image\/png\" \/>\n<meta name=\"twitter:card\" content=\"summary_large_image\" \/>\n<script type=\"application\/ld+json\" class=\"yoast-schema-graph\">{\"@context\":\"https:\/\/schema.org\",\"@graph\":[{\"@type\":\"WebPage\",\"@id\":\"https:\/\/www.pneumoinfo.be\/fr\/les-maladies-a-pneumocoques\/\",\"url\":\"https:\/\/www.pneumoinfo.be\/fr\/les-maladies-a-pneumocoques\/\",\"name\":\"Maladies \u00e0 pneumocoques d\u00e9finition | Pneumoinfo.be\",\"isPartOf\":{\"@id\":\"https:\/\/www.pneumoinfo.be\/fr\/#website\"},\"datePublished\":\"2022-07-05T23:15:37+00:00\",\"dateModified\":\"2022-10-20T12:57:27+00:00\",\"description\":\"Une maladie \u00e0 pneumocoques est provoqu\u00e9e par la bact\u00e9rie \u201cStreptococcus pneumoniae\u201d et elle est la premi\u00e8re cause de pneumonie. En savoir plus >\",\"breadcrumb\":{\"@id\":\"https:\/\/www.pneumoinfo.be\/fr\/les-maladies-a-pneumocoques\/#breadcrumb\"},\"inLanguage\":\"en-US\",\"potentialAction\":[{\"@type\":\"ReadAction\",\"target\":[\"https:\/\/www.pneumoinfo.be\/fr\/les-maladies-a-pneumocoques\/\"]}]},{\"@type\":\"BreadcrumbList\",\"@id\":\"https:\/\/www.pneumoinfo.be\/fr\/les-maladies-a-pneumocoques\/#breadcrumb\",\"itemListElement\":[{\"@type\":\"ListItem\",\"position\":1,\"name\":\"Accueil\",\"item\":\"https:\/\/www.pneumoinfo.be\/fr\/\"},{\"@type\":\"ListItem\",\"position\":2,\"name\":\"Qu&#8217;est ce qu&#8217;une maladie \u00e0 pneumocoques\u00a0?\"}]},{\"@type\":\"WebSite\",\"@id\":\"https:\/\/www.pneumoinfo.be\/fr\/#website\",\"url\":\"https:\/\/www.pneumoinfo.be\/fr\/\",\"name\":\"Pneumo Info BE FR\",\"description\":\"Maladies \u00e0 pneumocoques\",\"publisher\":{\"@id\":\"https:\/\/www.pneumoinfo.be\/fr\/#organization\"},\"potentialAction\":[{\"@type\":\"SearchAction\",\"target\":{\"@type\":\"EntryPoint\",\"urlTemplate\":\"https:\/\/www.pneumoinfo.be\/fr\/?s={search_term_string}\"},\"query-input\":{\"@type\":\"PropertyValueSpecification\",\"valueRequired\":true,\"valueName\":\"search_term_string\"}}],\"inLanguage\":\"en-US\"},{\"@type\":\"Organization\",\"@id\":\"https:\/\/www.pneumoinfo.be\/fr\/#organization\",\"name\":\"MSD\",\"url\":\"https:\/\/www.pneumoinfo.be\/fr\/\",\"logo\":{\"@type\":\"ImageObject\",\"inLanguage\":\"en-US\",\"@id\":\"https:\/\/www.pneumoinfo.be\/fr\/#\/schema\/logo\/image\/\",\"url\":\"https:\/\/www.pneumoinfo.be\/fr\/wp-content\/uploads\/sites\/196\/2022\/07\/MSD_Sharp__Dohme_GmbH_logo-2.png\",\"contentUrl\":\"https:\/\/www.pneumoinfo.be\/fr\/wp-content\/uploads\/sites\/196\/2022\/07\/MSD_Sharp__Dohme_GmbH_logo-2.png\",\"width\":139,\"height\":55,\"caption\":\"MSD\"},\"image\":{\"@id\":\"https:\/\/www.pneumoinfo.be\/fr\/#\/schema\/logo\/image\/\"}}]}<\/script>\n<!-- \/ Yoast SEO plugin. -->","yoast_head_json":{"title":"Maladies \u00e0 pneumocoques d\u00e9finition | Pneumoinfo.be","description":"Une maladie \u00e0 pneumocoques est provoqu\u00e9e par la bact\u00e9rie \u201cStreptococcus pneumoniae\u201d et elle est la premi\u00e8re cause de pneumonie. En savoir plus >","robots":{"index":"index","follow":"follow","max-snippet":"max-snippet:-1","max-image-preview":"max-image-preview:large","max-video-preview":"max-video-preview:-1"},"canonical":"https:\/\/www.pneumoinfo.be\/fr\/les-maladies-a-pneumocoques\/","og_locale":"en_US","og_type":"article","og_title":"Maladies \u00e0 pneumocoques d\u00e9finition | Pneumoinfo.be","og_description":"Une maladie \u00e0 pneumocoques est provoqu\u00e9e par la bact\u00e9rie \u201cStreptococcus pneumoniae\u201d et elle est la premi\u00e8re cause de pneumonie. En savoir plus >","og_url":"https:\/\/www.pneumoinfo.be\/fr\/les-maladies-a-pneumocoques\/","og_site_name":"Pneumo Info BE FR","article_modified_time":"2022-10-20T12:57:27+00:00","og_image":[{"width":1296,"height":864,"url":"https:\/\/www.pneumoinfo.be\/fr\/wp-content\/uploads\/sites\/196\/2022\/06\/maladies-pneumocoques.png","type":"image\/png"}],"twitter_card":"summary_large_image","schema":{"@context":"https:\/\/schema.org","@graph":[{"@type":"WebPage","@id":"https:\/\/www.pneumoinfo.be\/fr\/les-maladies-a-pneumocoques\/","url":"https:\/\/www.pneumoinfo.be\/fr\/les-maladies-a-pneumocoques\/","name":"Maladies \u00e0 pneumocoques d\u00e9finition | Pneumoinfo.be","isPartOf":{"@id":"https:\/\/www.pneumoinfo.be\/fr\/#website"},"datePublished":"2022-07-05T23:15:37+00:00","dateModified":"2022-10-20T12:57:27+00:00","description":"Une maladie \u00e0 pneumocoques est provoqu\u00e9e par la bact\u00e9rie \u201cStreptococcus pneumoniae\u201d et elle est la premi\u00e8re cause de pneumonie. En savoir plus >","breadcrumb":{"@id":"https:\/\/www.pneumoinfo.be\/fr\/les-maladies-a-pneumocoques\/#breadcrumb"},"inLanguage":"en-US","potentialAction":[{"@type":"ReadAction","target":["https:\/\/www.pneumoinfo.be\/fr\/les-maladies-a-pneumocoques\/"]}]},{"@type":"BreadcrumbList","@id":"https:\/\/www.pneumoinfo.be\/fr\/les-maladies-a-pneumocoques\/#breadcrumb","itemListElement":[{"@type":"ListItem","position":1,"name":"Accueil","item":"https:\/\/www.pneumoinfo.be\/fr\/"},{"@type":"ListItem","position":2,"name":"Qu&#8217;est ce qu&#8217;une maladie \u00e0 pneumocoques\u00a0?"}]},{"@type":"WebSite","@id":"https:\/\/www.pneumoinfo.be\/fr\/#website","url":"https:\/\/www.pneumoinfo.be\/fr\/","name":"Pneumo Info BE FR","description":"Maladies \u00e0 pneumocoques","publisher":{"@id":"https:\/\/www.pneumoinfo.be\/fr\/#organization"},"potentialAction":[{"@type":"SearchAction","target":{"@type":"EntryPoint","urlTemplate":"https:\/\/www.pneumoinfo.be\/fr\/?s={search_term_string}"},"query-input":{"@type":"PropertyValueSpecification","valueRequired":true,"valueName":"search_term_string"}}],"inLanguage":"en-US"},{"@type":"Organization","@id":"https:\/\/www.pneumoinfo.be\/fr\/#organization","name":"MSD","url":"https:\/\/www.pneumoinfo.be\/fr\/","logo":{"@type":"ImageObject","inLanguage":"en-US","@id":"https:\/\/www.pneumoinfo.be\/fr\/#\/schema\/logo\/image\/","url":"https:\/\/www.pneumoinfo.be\/fr\/wp-content\/uploads\/sites\/196\/2022\/07\/MSD_Sharp__Dohme_GmbH_logo-2.png","contentUrl":"https:\/\/www.pneumoinfo.be\/fr\/wp-content\/uploads\/sites\/196\/2022\/07\/MSD_Sharp__Dohme_GmbH_logo-2.png","width":139,"height":55,"caption":"MSD"},"image":{"@id":"https:\/\/www.pneumoinfo.be\/fr\/#\/schema\/logo\/image\/"}}]}},"_links":{"self":[{"href":"https:\/\/www.pneumoinfo.be\/fr\/wp-json\/wp\/v2\/pages\/363","targetHints":{"allow":["GET"]}}],"collection":[{"href":"https:\/\/www.pneumoinfo.be\/fr\/wp-json\/wp\/v2\/pages"}],"about":[{"href":"https:\/\/www.pneumoinfo.be\/fr\/wp-json\/wp\/v2\/types\/page"}],"author":[{"embeddable":true,"href":"https:\/\/www.pneumoinfo.be\/fr\/wp-json\/wp\/v2\/users\/385"}],"replies":[{"embeddable":true,"href":"https:\/\/www.pneumoinfo.be\/fr\/wp-json\/wp\/v2\/comments?post=363"}],"version-history":[{"count":64,"href":"https:\/\/www.pneumoinfo.be\/fr\/wp-json\/wp\/v2\/pages\/363\/revisions"}],"predecessor-version":[{"id":894,"href":"https:\/\/www.pneumoinfo.be\/fr\/wp-json\/wp\/v2\/pages\/363\/revisions\/894"}],"wp:attachment":[{"href":"https:\/\/www.pneumoinfo.be\/fr\/wp-json\/wp\/v2\/media?parent=363"}],"curies":[{"name":"wp","href":"https:\/\/api.w.org\/{rel}","templated":true}]}}